{"id":248,"date":"2021-06-03T10:39:14","date_gmt":"2021-06-03T08:39:14","guid":{"rendered":"https:\/\/www.pgi.ovh\/?page_id=248"},"modified":"2023-05-15T19:31:56","modified_gmt":"2023-05-15T17:31:56","slug":"fonctionnalites-dun-progiciel-de-gestion-integre","status":"publish","type":"page","link":"https:\/\/www.pgi.ovh\/index.php\/fonctionnalites-dun-progiciel-de-gestion-integre\/","title":{"rendered":"Progiciel de gestion int\u00e9gr\u00e9"},"content":{"rendered":"\n<p>Le progiciel de gestion int\u00e9gr\u00e9 (PGI), \u00e9galement connu sous le nom de logiciel ERP est avant tout un progiciel rassemblant diff\u00e9rents modules de gestion, g\u00e9r\u00e9s dans une m\u00eame application. <\/p>\n\n\n\n<figure class=\"wp-block-image size-large is-style-zoooom\"><img loading=\"lazy\" decoding=\"async\" width=\"1024\" height=\"532\" src=\"https:\/\/www.pgi.ovh\/wp-content\/uploads\/2021\/06\/industry-4330186_1920-1024x532.jpg\" alt=\"\" class=\"wp-image-483\" srcset=\"https:\/\/www.pgi.ovh\/wp-content\/uploads\/2021\/06\/industry-4330186_1920-1024x532.jpg 1024w, https:\/\/www.pgi.ovh\/wp-content\/uploads\/2021\/06\/industry-4330186_1920-300x156.jpg 300w, https:\/\/www.pgi.ovh\/wp-content\/uploads\/2021\/06\/industry-4330186_1920-768x399.jpg 768w, https:\/\/www.pgi.ovh\/wp-content\/uploads\/2021\/06\/industry-4330186_1920-1536x798.jpg 1536w, https:\/\/www.pgi.ovh\/wp-content\/uploads\/2021\/06\/industry-4330186_1920.jpg 1920w\" sizes=\"auto, (max-width: 767px) 89vw, (max-width: 1000px) 54vw, (max-width: 1071px) 543px, 580px\" \/><\/figure>\n\n\n\n<p>L&rsquo;ERP est caract\u00e9ris\u00e9 par sa modularit\u00e9. L&rsquo;entreprise (le client ) choisit les services qu&rsquo;il souhaite int\u00e9grer \u00e0 l&rsquo;outil. <\/p>\n\n\n\n<div class=\"wp-block-group\"><div class=\"wp-block-group__inner-container is-layout-flow wp-block-group-is-layout-flow\">\n<p style=\"line-height:1.2\">L&rsquo;int\u00e9gration de tous les services permet :<\/p>\n\n\n\n<p style=\"line-height:1.2\"> \u2751 de centraliser l\u2019ensemble des processus de l&rsquo;entreprise,<\/p>\n\n\n\n<p style=\"line-height:1.2\"> \u2751 de donner l&rsquo;acc\u00e8s \u00e0 un type d&rsquo;information selon le profil de l&rsquo;utilisateur (qui \u00e0 le droit de &#8230;),<\/p>\n\n\n\n<p style=\"line-height:1.2\"> \u2751 simplifier les sauvegardes des donn\u00e9es,<\/p>\n\n\n\n<p style=\"line-height:1.2\"> \u2751 en cas d&rsquo;incident, de d\u00e9finir un plan de reprise d&rsquo;activit\u00e9 (PRA) rapide.<\/p>\n<\/div><\/div>\n","protected":false},"excerpt":{"rendered":"<p>Le progiciel de gestion int\u00e9gr\u00e9 (PGI), \u00e9galement connu sous le nom de logiciel ERP est avant tout un progiciel rassemblant diff\u00e9rents modules de gestion, g\u00e9r\u00e9s dans une m\u00eame application. L&rsquo;ERP est caract\u00e9ris\u00e9 par sa modularit\u00e9. L&rsquo;entreprise (le client ) choisit les services qu&rsquo;il souhaite int\u00e9grer \u00e0 l&rsquo;outil. L&rsquo;int\u00e9gration de tous les services permet : \u2751 &hellip; <\/p>\n<p class=\"link-more\"><a href=\"https:\/\/www.pgi.ovh\/index.php\/fonctionnalites-dun-progiciel-de-gestion-integre\/\" class=\"more-link\">Continuer la lecture<span class=\"screen-reader-text\"> de &laquo;&nbsp;Progiciel de gestion int\u00e9gr\u00e9&nbsp;&raquo;<\/span><\/a><\/p>\n","protected":false},"author":1,"featured_media":0,"parent":0,"menu_order":0,"comment_status":"closed","ping_status":"closed","template":"","meta":{"_monsterinsights_skip_tracking":false,"_monsterinsights_sitenote_active":false,"_monsterinsights_sitenote_note":"","_monsterinsights_sitenote_category":0,"_uf_show_specific_survey":0,"_uf_disable_surveys":false,"footnotes":""},"class_list":["post-248","page","type-page","status-publish","hentry"],"_links":{"self":[{"href":"https:\/\/www.pgi.ovh\/index.php\/wp-json\/wp\/v2\/pages\/248","targetHints":{"allow":["GET"]}}],"collection":[{"href":"https:\/\/www.pgi.ovh\/index.php\/wp-json\/wp\/v2\/pages"}],"about":[{"href":"https:\/\/www.pgi.ovh\/index.php\/wp-json\/wp\/v2\/types\/page"}],"author":[{"embeddable":true,"href":"https:\/\/www.pgi.ovh\/index.php\/wp-json\/wp\/v2\/users\/1"}],"replies":[{"embeddable":true,"href":"https:\/\/www.pgi.ovh\/index.php\/wp-json\/wp\/v2\/comments?post=248"}],"version-history":[{"count":10,"href":"https:\/\/www.pgi.ovh\/index.php\/wp-json\/wp\/v2\/pages\/248\/revisions"}],"predecessor-version":[{"id":691,"href":"https:\/\/www.pgi.ovh\/index.php\/wp-json\/wp\/v2\/pages\/248\/revisions\/691"}],"wp:attachment":[{"href":"https:\/\/www.pgi.ovh\/index.php\/wp-json\/wp\/v2\/media?parent=248"}],"curies":[{"name":"wp","href":"https:\/\/api.w.org\/{rel}","templated":true}]}}